{"id":3360,"date":"2016-12-14T10:35:15","date_gmt":"2016-12-14T09:35:15","guid":{"rendered":"http:\/\/jubhome.eu\/?page_id=3360\/"},"modified":"2019-06-19T10:43:47","modified_gmt":"2019-06-19T08:43:47","slug":"vom-plan-bis-zur-ausfuehrung","status":"publish","type":"page","link":"\/de\/systeme\/jubhome-wall\/vom-plan-bis-zur-ausfuehrung\/","title":{"rendered":"Vom Plan bis zur Ausf\u00fchrung JUBHome WALL"},"content":{"rendered":"<h1><span style=\"font-size: 14pt;\"><strong>Vom Plan bis zur Ausf\u00fchrung JUBHome <\/strong><\/span><span style=\"color: #ff0000;\"><span style=\"font-size: 14pt;\">WALL<\/span><br \/>\n<\/span><\/h1>\n<ol>\n<li><strong>Architekturplan:\u00a0 <\/strong>Wegen der modularen Raster und Details die an das JUBHome System gebunden sind, werden mit dem Planer und dem Kunden, auf Grund der erhaltenen Pl\u00e4ne,\u00a0 kleinere Konstruktionsanpassungen vereinbart.<\/li>\n<\/ol>\n<p><a href=\"\/wp-content\/uploads\/2016\/12\/Na\u010drt-arhitekture.png\" class=\"imageinlight\"><img decoding=\"async\" loading=\"lazy\" class=\"aligncenter wp-image-1733 size-medium\" src=\"\/wp-content\/uploads\/2016\/12\/Na\u010drt-arhitekture-400x248.png\" alt=\"Na\u010drt arhitekture\" width=\"400\" height=\"248\" srcset=\"https:\/\/jubhome.eu\/wp-content\/uploads\/2016\/12\/Na\u010drt-arhitekture-400x248.png 400w, https:\/\/jubhome.eu\/wp-content\/uploads\/2016\/12\/Na\u010drt-arhitekture.png 1089w\" sizes=\"(max-width: 400px) 100vw, 400px\" \/><\/a><\/p>\n<ol start=\"2\">\n<li><strong>3D Model: <\/strong>Nach der Best\u00e4tigung der Ma\u00dfe wird in der technischen Vorbereitung die Grafik des ganzes Geb\u00e4udes in 3D Modell, mit allen Montageteilen (Typenelemente\u00a0 und die nicht typischen Elemente, die geschnittenen und die geklebten) erstellt.<\/li>\n<\/ol>\n<p><a href=\"\/wp-content\/uploads\/2017\/01\/Zlaganje.png\" class=\"imageinlight\"><img decoding=\"async\" loading=\"lazy\" class=\"aligncenter wp-image-1893 size-medium\" src=\"\/wp-content\/uploads\/2017\/01\/Zlaganje-400x200.png\" alt=\"Zlaganje\" width=\"400\" height=\"200\" srcset=\"https:\/\/jubhome.eu\/wp-content\/uploads\/2017\/01\/Zlaganje-400x200.png 400w, https:\/\/jubhome.eu\/wp-content\/uploads\/2017\/01\/Zlaganje.png 800w\" sizes=\"(max-width: 400px) 100vw, 400px\" \/><\/a><\/p>\n<ol start=\"3\">\n<li><strong>Montageplan<\/strong>: F\u00fcr den Gebrauch auf der Baustelle\u00a0 formen wir aus dem 3D Modell den Montageplan (mit Ansichten auf die einzelnen W\u00e4nde und gekennzeichneten Elementpositionen und deren Spezifikation)<\/li>\n<\/ol>\n<p>\u00a0<a href=\"\/wp-content\/uploads\/2016\/12\/Sestavni-na\u010drt.png\" class=\"imageinlight\"><img decoding=\"async\" loading=\"lazy\" class=\"aligncenter wp-image-1734 size-medium\" src=\"\/wp-content\/uploads\/2016\/12\/Sestavni-na\u010drt-400x170.png\" alt=\"Sestavni na\u010drt\" width=\"400\" height=\"170\" srcset=\"https:\/\/jubhome.eu\/wp-content\/uploads\/2016\/12\/Sestavni-na\u010drt-400x170.png 400w, https:\/\/jubhome.eu\/wp-content\/uploads\/2016\/12\/Sestavni-na\u010drt.png 651w\" sizes=\"(max-width: 400px) 100vw, 400px\" \/><\/a><\/p>\n<ol start=\"4\">\n<li><strong>Ausf\u00fchrung: <\/strong>Nach der Herstellung der nicht typischen Elemente, werden alle Elemente gesammelt, verpackt und zur Baustelle geliefert, wo Sie mit dem Bau beginnen k\u00f6nnen.<\/li>\n<\/ol>\n<p><a href=\"\/wp-content\/uploads\/2017\/01\/20161107_120527.jpg\" class=\"imageinlight\"><img decoding=\"async\" loading=\"lazy\" class=\"aligncenter wp-image-1888 size-medium\" src=\"\/wp-content\/uploads\/2017\/01\/20161107_120527-400x225.jpg\" alt=\"Zgrajena hi\u0161a\" width=\"400\" height=\"225\" srcset=\"https:\/\/jubhome.eu\/wp-content\/uploads\/2017\/01\/20161107_120527-400x225.jpg 400w, https:\/\/jubhome.eu\/wp-content\/uploads\/2017\/01\/20161107_120527.jpg 867w\" sizes=\"(max-width: 400px) 100vw, 400px\" \/><\/a><\/p>\n","protected":false},"excerpt":{"rendered":"<p>Vom Plan bis zur Ausf\u00fchrung JUBHome WALL Architekturplan:\u00a0 Wegen der modularen Raster und Details die an das JUBHome System gebunden sind, werden mit dem Planer und dem Kunden, auf Grund der erhaltenen Pl\u00e4ne,\u00a0 kleinere Konstruktionsanpassungen vereinbart. 3D Model: Nach der Best\u00e4tigung der Ma\u00dfe wird in der technischen Vorbereitung die Grafik des ganzes Geb\u00e4udes in 3D [&hellip;]<\/p>\n","protected":false},"author":1,"featured_media":0,"parent":3349,"menu_order":3,"comment_status":"closed","ping_status":"closed","template":"","meta":[],"aioseo_notices":[],"_links":{"self":[{"href":"\/de\/wp-json\/wp\/v2\/pages\/3360"}],"collection":[{"href":"\/de\/wp-json\/wp\/v2\/pages"}],"about":[{"href":"\/de\/wp-json\/wp\/v2\/types\/page"}],"author":[{"embeddable":true,"href":"\/de\/wp-json\/wp\/v2\/users\/1"}],"replies":[{"embeddable":true,"href":"\/de\/wp-json\/wp\/v2\/comments?post=3360"}],"version-history":[{"count":4,"href":"\/de\/wp-json\/wp\/v2\/pages\/3360\/revisions"}],"predecessor-version":[{"id":3840,"href":"\/de\/wp-json\/wp\/v2\/pages\/3360\/revisions\/3840"}],"up":[{"embeddable":true,"href":"\/de\/wp-json\/wp\/v2\/pages\/3349"}],"wp:attachment":[{"href":"\/de\/wp-json\/wp\/v2\/media?parent=3360"}],"curies":[{"name":"wp","href":"https:\/\/api.w.org\/{rel}","templated":true}]}}