{"id":3356,"date":"2016-06-10T14:10:56","date_gmt":"2016-06-10T12:10:56","guid":{"rendered":"http:\/\/jubhome.eu\/?page_id=3356\/"},"modified":"2019-06-19T10:46:17","modified_gmt":"2019-06-19T08:46:17","slug":"vorzuege","status":"publish","type":"page","link":"\/de\/systeme\/jubhome-wall\/vorzuege\/","title":{"rendered":"Vorz\u00fcge"},"content":{"rendered":"<h1><span style=\"font-size: 14pt;\"><strong>Vorz\u00fcge des Bauens mit dem system JUBHome <span style=\"color: #ff0000;\">WALL<\/span><\/strong><\/span><\/h1>\n<ul style=\"list-style-type: circle;\">\n<li>Schnelle und einfache Ausf\u00fchrung mit Hilfe des\u00a0 kostenlosen Montageplans,\u00a0 der Konstruktionselemente und des Systems \u201e Stapeln der LEGO Steine\u201c.<\/li>\n<li>Betoneinbau ohne Zusatzschallung.<\/li>\n<li>Einfacher Bewehrungseinbau mit Hilfe der Laschen und Halterungen aus Polypropylen.<\/li>\n<li>F\u00fcr die energiesparsame Objekte in allen Klimazonen (W\u00e4rme\u00fcbergang der W\u00e4nde von 0,13 bis 0,08 W\/m2K).<\/li>\n<li>W\u00e4rmeakkumulation im Stahlbetonkern und die Phasenverschiebung beim W\u00e4rme\u00fcbergang durch die Wand.<\/li>\n<li>Systematisch gesicherte ununterbrochene W\u00e4rmeisolationsh\u00fclle und verschwindend kleiner Einfluss\u00a0 der W\u00e4rmebr\u00fccken.<\/li>\n<li>Beim richtigen Betoneinbau kommt es zu hoher Luftdichtigkeit.<\/li>\n<li>Einer der seltenen IFC Systeme f\u00fcr den Bau auf dem Erdbebengebiet geeignet (durchgef\u00fchrten Tests auf dem Institut f\u00fcr Konstruktionen, Erdbebeningenieurwesen und Datenverarbeitung IKPIR FGG.).<\/li>\n<li>Schnelle Schadensanierung bei \u00dcberflutungen (niedrige Wasseraufnahme des EPS).<\/li>\n<li>Verbindung\u00a0 mehrerer Arbeitsphasen in eine \u2013 Konstruktionsw\u00e4rmeisolationsteil hat gleichzeitig auch die\u00a0 Schalungsfunktion f\u00fcr den Betoneinbau und als Unterlage f\u00fcr das Auftragen der Abschlussschichten.<\/li>\n<li>Finalbearbeitung der inneren W\u00e4nde mit dem d\u00fcnnschichtigen Verputz und Gl\u00e4ttung.<\/li>\n<li>Im Vergleich mit der klassisch gebauter Isolationswand, werden\u00a0 pro Etage bis zu 5% Etagefl\u00e4che gewonnen.<\/li>\n<li>Auf den Au\u00dfenw\u00e4nden nur der Grundputz mit Armierungsnetz und die Abschlussschicht des ausgew\u00e4hlten Fassadensystems.<\/li>\n<li>Ohne Zuschneidens auf der Baustelle und ohne Abf\u00e4lle, Recycling direkt bei der Produktion.<\/li>\n<li style=\"text-align: left;\">Beratung beim Projektierung und\u00a0 Ausf\u00fchrung.<\/li>\n<\/ul>\n<p>&nbsp;<\/p>\n<p style=\"text-align: center;\"><a href=\"\/wp-content\/uploads\/2016\/06\/Testiranje-potres.jpg\" class=\"imageinlight\"><img decoding=\"async\" loading=\"lazy\" class=\"wp-image-1703 alignleft\" src=\"\/wp-content\/uploads\/2016\/06\/Testiranje-potres.jpg\" alt=\"Testiranje simulacija potres\" width=\"233\" height=\"350\" srcset=\"https:\/\/jubhome.eu\/wp-content\/uploads\/2016\/06\/Testiranje-potres.jpg 342w, https:\/\/jubhome.eu\/wp-content\/uploads\/2016\/06\/Testiranje-potres-266x400.jpg 266w\" sizes=\"(max-width: 233px) 100vw, 233px\" \/><\/a><a href=\"\/wp-content\/uploads\/2016\/06\/ZAG-IKPIR-FGG-Graf.jpg\" class=\"imageinlight\"><img decoding=\"async\" loading=\"lazy\" class=\"wp-image-1704 alignleft\" src=\"\/wp-content\/uploads\/2016\/06\/ZAG-IKPIR-FGG-Graf.jpg\" alt=\"ZAG, IKPIR, FGG graf\" width=\"303\" height=\"245\" srcset=\"https:\/\/jubhome.eu\/wp-content\/uploads\/2016\/06\/ZAG-IKPIR-FGG-Graf.jpg 571w, https:\/\/jubhome.eu\/wp-content\/uploads\/2016\/06\/ZAG-IKPIR-FGG-Graf-400x323.jpg 400w\" sizes=\"(max-width: 303px) 100vw, 303px\" \/><\/a><\/p>\n<p><iframe loading=\"lazy\" title=\"Preizkusi JUBHome \u2013 potresna varnost, po\u017earna odpornost\" width=\"800\" height=\"450\" src=\"https:\/\/www.youtube.com\/embed\/gbdPgccKB7E?feature=oembed\" frameborder=\"0\" allow=\"accelerometer; autoplay; encrypted-media; gyroscope; picture-in-picture\" allowfullscreen><\/iframe><\/p>\n","protected":false},"excerpt":{"rendered":"<p>Vorz\u00fcge des Bauens mit dem system JUBHome WALL Schnelle und einfache Ausf\u00fchrung mit Hilfe des\u00a0 kostenlosen Montageplans,\u00a0 der Konstruktionselemente und des Systems \u201e Stapeln der LEGO Steine\u201c. Betoneinbau ohne Zusatzschallung. Einfacher Bewehrungseinbau mit Hilfe der Laschen und Halterungen aus Polypropylen. F\u00fcr die energiesparsame Objekte in allen Klimazonen (W\u00e4rme\u00fcbergang der W\u00e4nde von 0,13 bis 0,08 W\/m2K). [&hellip;]<\/p>\n","protected":false},"author":1,"featured_media":0,"parent":3349,"menu_order":2,"comment_status":"closed","ping_status":"closed","template":"","meta":[],"aioseo_notices":[],"_links":{"self":[{"href":"\/de\/wp-json\/wp\/v2\/pages\/3356"}],"collection":[{"href":"\/de\/wp-json\/wp\/v2\/pages"}],"about":[{"href":"\/de\/wp-json\/wp\/v2\/types\/page"}],"author":[{"embeddable":true,"href":"\/de\/wp-json\/wp\/v2\/users\/1"}],"replies":[{"embeddable":true,"href":"\/de\/wp-json\/wp\/v2\/comments?post=3356"}],"version-history":[{"count":2,"href":"\/de\/wp-json\/wp\/v2\/pages\/3356\/revisions"}],"predecessor-version":[{"id":3839,"href":"\/de\/wp-json\/wp\/v2\/pages\/3356\/revisions\/3839"}],"up":[{"embeddable":true,"href":"\/de\/wp-json\/wp\/v2\/pages\/3349"}],"wp:attachment":[{"href":"\/de\/wp-json\/wp\/v2\/media?parent=3356"}],"curies":[{"name":"wp","href":"https:\/\/api.w.org\/{rel}","templated":true}]}}