{"id":3351,"date":"2016-04-27T17:27:01","date_gmt":"2016-04-27T15:27:01","guid":{"rendered":"http:\/\/jubhome.eu\/?page_id=3351\/"},"modified":"2019-06-19T10:45:42","modified_gmt":"2019-06-19T08:45:42","slug":"beschreibung","status":"publish","type":"page","link":"\/de\/systeme\/jubhome-wall\/beschreibung\/","title":{"rendered":"Beschreibung"},"content":{"rendered":"<h1><span style=\"font-size: 14pt;\"><strong>JUBHome <span style=\"color: #ff0000;\">WALL<\/span> System f\u00fcr den Wandbau mit W\u00e4rmeisolationsschalungselementen<\/strong><\/span><\/h1>\n<p>JUBHome WALL ist ICF* System f\u00fcr den Bau der Stahlbetonw\u00e4nde mit Hilfe der W\u00e4rmeisolationsschallungselemente aus dem grafitexpandierten Polystyrol und ist Resultat der eigenen Entwicklung, hergestellt in Slowenien. Das Material ist f\u00fcr den Gebrauch auf dem Erdbebengebiet zweckbestimmt entwickelt und getestet worden. In der Welt sind die IFC Systeme seit l\u00e4ngerer Zeit\u00a0 beim Wohnobjektbau und beim Bau anderer Objekte anerkannt. Diese Systeme machen schnelle, hochwertige Massivbauweise von energiehocheffizienten Geb\u00e4uden m\u00f6glich.<\/p>\n<p>JUBHome WALL ist f\u00fcr die einfache Bauweise\u00a0 Energiesparobjekte bestimmt mit dem Ziel, hochwertige Bauweise zu sichern. Systematisch sichert das System ununterbrochene W\u00e4rme- und Hydroisolationsh\u00fclle und verschwindend kleinen Einfluss der W\u00e4rmebr\u00fccken mit den sich ber\u00fchrenden restlichen Konstruktionselementen des Objektes.\u00a0\u00a0 Wegen des Stahlbetonkerns hat die Wand ein hohes Niveau der W\u00e4rmeakkumulierung\u00a0 und\u00a0 versp\u00e4teten W\u00e4rme\u00fcbergang, was die W\u00e4rmestabilit\u00e4t des gesamten Objektes vergr\u00f6\u00dfert. Die zusammengesetzten Elemente dienen als Unterlage f\u00fcr das Anbringen der Abschlussschichten, d.h. Zusammenfassung mehrere Arbeitsphasen und daraus folgend die Zeit- und Geldersparnis.<\/p>\n<p>Wandbausystem JUBHome WALL ist zusammengesetzt aus mehreren unterschiedlich geformten Elementen mit verschiedenen Dimensionen,\u00a0 aus Neopor\u00ae (Hersteller BASF). Zur Baustelle werden Elemente zusammen mit\u00a0 dem Montageplan und auf das bestimmte Objekt genau zugeschnitten geliefert. Dies machen\u00a0 die BIM** Technologien m\u00f6glich. Mit Hilfe des Montageplanes k\u00f6nnen\u00a0 einzelne Elemente nach dem Prinzip \u201eLEGO Steine\u201c ganz einfach in ein Ganzes zusammengebaut werden.<\/p>\n<p style=\"font-size: 12px;\">*ICF \u2013 Insulated Concrete Form bzw. hohle W\u00e4rmeisolationsschallungselemente.<br \/>\n**BIM \u2013 Building Information Modeling<\/p>\n<h3>JUBHome <span style=\"color: #ff0000;\">WALL<\/span>\u00a0Elemente<\/h3>\n\n<table id=\"tablepress-44\" class=\"tablepress tablepress-id-44\">\n<thead>\n<tr class=\"row-1\">\n\t<th class=\"column-1\"><\/th><th class=\"column-2\">St\u00e4rke des JUBHome Elementes [mm]<\/th><th class=\"column-3\">Schichten [mm]<br \/>\nEPS + RC + EPS<\/th><th class=\"column-4\">Gesamtisolationsst\u00e4rke [mm]<\/th><th class=\"column-5\">\u03bb <br \/>\n[W\/mK]<\/th><th class=\"column-6\">U der Wand* <br \/>\n[W\/m2K]<\/th>\n<\/tr>\n<\/thead>\n<tbody>\n<tr class=\"row-2\">\n\t<td class=\"column-1\">WALL 300<\/td><td class=\"column-2\">300<\/td><td class=\"column-3\">75 + 150 + 75 <\/td><td class=\"column-4\">150<\/td><td class=\"column-5\">0,031<\/td><td class=\"column-6\">0,196<\/td>\n<\/tr>\n<tr class=\"row-3\">\n\t<td class=\"column-1\">WALL 390<\/td><td class=\"column-2\">390<\/td><td class=\"column-3\">75 + 150 + 165<\/td><td class=\"column-4\">240<\/td><td class=\"column-5\">0,031<\/td><td class=\"column-6\">0,125<\/td>\n<\/tr>\n<tr class=\"row-4\">\n\t<td class=\"column-1\">WALL 465<\/td><td class=\"column-2\">465<\/td><td class=\"column-3\">75 + 150 + 240<\/td><td class=\"column-4\">315<\/td><td class=\"column-5\">0,031<\/td><td class=\"column-6\">0,096<\/td>\n<\/tr>\n<tr class=\"row-5\">\n\t<td class=\"column-1\">WALL 525<\/td><td class=\"column-2\">525<\/td><td class=\"column-3\">75 + 150 + 300<\/td><td class=\"column-4\">375<\/td><td class=\"column-5\">0,031<\/td><td class=\"column-6\">0,081<\/td>\n<\/tr>\n<tr class=\"row-6\">\n\t<td class=\"column-1\"><\/td><td class=\"column-2\"><\/td><td class=\"column-3\"><\/td><td class=\"column-4\"><\/td><td class=\"column-5\"><\/td><td class=\"column-6\">*bei \u03bb Beton 2,04 W\/mK<\/td>\n<\/tr>\n<\/tbody>\n<\/table>\n<!-- #tablepress-44 from cache -->\n<table style=\"height: 318px; width: 734px;\">\n<tbody>\n<tr style=\"height: 193.594px;\">\n<td style=\"width: 258px; height: 193.594px;\">\n<div id=\"attachment_1714\" style=\"width: 269px\" class=\"wp-caption alignleft\"><a href=\"\/wp-content\/uploads\/2016\/04\/JUBHome-Element_z_ometom-390.png\" class=\"imageinlight\"><img aria-describedby=\"caption-attachment-1714\" decoding=\"async\" loading=\"lazy\" class=\"wp-image-1714\" title=\"JUBHome WALL element z ometom 390\" src=\"\/wp-content\/uploads\/2016\/04\/JUBHome-Element_z_ometom-390-400x309.png\" alt=\"JUBHome WALL element z ometom 390\" width=\"259\" height=\"200\" srcset=\"https:\/\/jubhome.eu\/wp-content\/uploads\/2016\/04\/JUBHome-Element_z_ometom-390-400x309.png 400w, https:\/\/jubhome.eu\/wp-content\/uploads\/2016\/04\/JUBHome-Element_z_ometom-390-1200x927.png 1200w, https:\/\/jubhome.eu\/wp-content\/uploads\/2016\/04\/JUBHome-Element_z_ometom-390.png 2000w\" sizes=\"(max-width: 259px) 100vw, 259px\" \/><\/a><p id=\"caption-attachment-1714\" class=\"wp-caption-text\"><strong>WALL 390<\/strong><\/p><\/div>\n<\/td>\n<td style=\"width: 363px; height: 193.594px;\">\n<div id=\"attachment_1715\" style=\"width: 269px\" class=\"wp-caption alignleft\"><a href=\"\/wp-content\/uploads\/2016\/04\/JUBHome-Element_z_ometom-465.png\" class=\"imageinlight\"><img aria-describedby=\"caption-attachment-1715\" decoding=\"async\" loading=\"lazy\" class=\"wp-image-1715\" title=\"JUBHome WALL element z ometom 465\" src=\"\/wp-content\/uploads\/2016\/04\/JUBHome-Element_z_ometom-465-400x309.png\" alt=\"JUBHome WALL element z ometom 465\" width=\"259\" height=\"200\" srcset=\"https:\/\/jubhome.eu\/wp-content\/uploads\/2016\/04\/JUBHome-Element_z_ometom-465-400x309.png 400w, https:\/\/jubhome.eu\/wp-content\/uploads\/2016\/04\/JUBHome-Element_z_ometom-465-1200x927.png 1200w, https:\/\/jubhome.eu\/wp-content\/uploads\/2016\/04\/JUBHome-Element_z_ometom-465.png 2000w\" sizes=\"(max-width: 259px) 100vw, 259px\" \/><\/a><p id=\"caption-attachment-1715\" class=\"wp-caption-text\"><strong>WALL 465<\/strong><\/p><\/div>\n<\/td>\n<td style=\"width: 10px; height: 193.594px;\">\n<div id=\"attachment_1716\" style=\"width: 269px\" class=\"wp-caption alignleft\"><a href=\"\/wp-content\/uploads\/2016\/04\/JUBHome-Element_z_ometom-525.png\" class=\"imageinlight\"><img aria-describedby=\"caption-attachment-1716\" decoding=\"async\" loading=\"lazy\" class=\"wp-image-1716\" title=\"JUBHome WALL element z ometom 525\" src=\"\/wp-content\/uploads\/2016\/04\/JUBHome-Element_z_ometom-525-400x309.png\" alt=\"JUBHome WALL element z ometom 525\" width=\"259\" height=\"200\" srcset=\"https:\/\/jubhome.eu\/wp-content\/uploads\/2016\/04\/JUBHome-Element_z_ometom-525-400x309.png 400w, https:\/\/jubhome.eu\/wp-content\/uploads\/2016\/04\/JUBHome-Element_z_ometom-525-1200x927.png 1200w, https:\/\/jubhome.eu\/wp-content\/uploads\/2016\/04\/JUBHome-Element_z_ometom-525.png 2000w\" sizes=\"(max-width: 259px) 100vw, 259px\" \/><\/a><p id=\"caption-attachment-1716\" class=\"wp-caption-text\"><strong>WALL 525<\/strong><\/p><\/div>\n<\/td>\n<\/tr>\n<\/tbody>\n<\/table>\n<h4>\u00a0<\/h4>\n","protected":false},"excerpt":{"rendered":"<p>JUBHome WALL System f\u00fcr den Wandbau mit W\u00e4rmeisolationsschalungselementen JUBHome WALL ist ICF* System f\u00fcr den Bau der Stahlbetonw\u00e4nde mit Hilfe der W\u00e4rmeisolationsschallungselemente aus dem grafitexpandierten Polystyrol und ist Resultat der eigenen Entwicklung, hergestellt in Slowenien. Das Material ist f\u00fcr den Gebrauch auf dem Erdbebengebiet zweckbestimmt entwickelt und getestet worden. In der Welt sind die IFC [&hellip;]<\/p>\n","protected":false},"author":1,"featured_media":1592,"parent":3349,"menu_order":1,"comment_status":"closed","ping_status":"closed","template":"","meta":[],"aioseo_notices":[],"_links":{"self":[{"href":"\/de\/wp-json\/wp\/v2\/pages\/3351"}],"collection":[{"href":"\/de\/wp-json\/wp\/v2\/pages"}],"about":[{"href":"\/de\/wp-json\/wp\/v2\/types\/page"}],"author":[{"embeddable":true,"href":"\/de\/wp-json\/wp\/v2\/users\/1"}],"replies":[{"embeddable":true,"href":"\/de\/wp-json\/wp\/v2\/comments?post=3351"}],"version-history":[{"count":3,"href":"\/de\/wp-json\/wp\/v2\/pages\/3351\/revisions"}],"predecessor-version":[{"id":3838,"href":"\/de\/wp-json\/wp\/v2\/pages\/3351\/revisions\/3838"}],"up":[{"embeddable":true,"href":"\/de\/wp-json\/wp\/v2\/pages\/3349"}],"wp:featuredmedia":[{"embeddable":true,"href":"\/de\/wp-json\/wp\/v2\/media\/1592"}],"wp:attachment":[{"href":"\/de\/wp-json\/wp\/v2\/media?parent=3351"}],"curies":[{"name":"wp","href":"https:\/\/api.w.org\/{rel}","templated":true}]}}