{"id":3342,"date":"2016-04-27T17:26:27","date_gmt":"2016-04-27T15:26:27","guid":{"rendered":"http:\/\/jubhome.eu\/?page_id=3342\/"},"modified":"2019-06-19T10:42:31","modified_gmt":"2019-06-19T08:42:31","slug":"verwendung","status":"publish","type":"page","link":"\/de\/systeme\/jubhome-base\/verwendung\/","title":{"rendered":"Verwendung"},"content":{"rendered":"<p>W\u00e4rmeisolationssystem der Fundamentplatte JUBHome BASE ist zusammengesetzt aus W\u00e4rmeisolationswanne, in die ohne Schallung, der Stahlbeton der Fundamentplatte eingebaut wird und aus dem Erdreich das sich um das Objekt befindet. W\u00e4rmeisolationswanne des Systems JUBHome BASE beinhaltet obere und untere Bodenelemente, Linienrandelemente und Eckrandelemente. Die Letzteren dienen nicht nur als W\u00e4rmeisolation sondern auch als Einwegschallung der Fundamentplatte. (Bild 1.)<\/p>\n<p><a href=\"\/wp-content\/uploads\/2016\/06\/opeka-1024x832.png\" class=\"imageinlight\"><img decoding=\"async\" loading=\"lazy\" class=\"aligncenter wp-image-598\" src=\"\/wp-content\/uploads\/2016\/06\/opeka-1024x832.png\" alt=\"Stik JUBHome BASE z ope\u010dnim sistemom gradnje\" width=\"600\" height=\"488\" srcset=\"https:\/\/jubhome.eu\/wp-content\/uploads\/2016\/06\/opeka-1024x832.png 1024w, https:\/\/jubhome.eu\/wp-content\/uploads\/2016\/06\/opeka-400x325.png 400w, https:\/\/jubhome.eu\/wp-content\/uploads\/2016\/06\/opeka.png 2029w\" sizes=\"(max-width: 600px) 100vw, 600px\" \/><\/a><\/p>\n<table class=\" aligncenter\" style=\"height: 257px; width: 1210px;\">\n<tbody>\n<tr>\n<td style=\"width: 751.5px;\">\n<ol>\n<li>ABSCHLUSSBODENBELAG<\/li>\n<li>ZEMENTESTRICH<\/li>\n<li>EUROTHERM STIROTAL SILENT 2,2 + 2,5<\/li>\n<li>STAHLBETONPLATTE St\u00e4rke bis 30 cm<\/li>\n<li>JUBHome BASE OBERER BODENELEMENT, b=8, 16 oder 22cm<\/li>\n<li>JUBHome BASE RANDELEMENT , b=8 cm<\/li>\n<li>JUBHome UNTERER BODENELEMENT 8cm<\/li>\n<li>PLASTOMERISCHE BITUMENHYDROISOLATION 0,4 cm<\/li>\n<li>UNTERLEGBETON<\/li>\n<\/ol>\n<\/td>\n<td style=\"width: 439.5px;\">\n<ol style=\"list-style-type: upper-alpha;\">\n<li>EUROTHERM EPS F \u2013 STRON \u2013 S0<\/li>\n<li>HYDROZOL SUPERFLEX, GESAMT\u00a0 0,3cm<\/li>\n<li>KULIRPLAST oder ABSCHLUSSFASSADENVERPUTZ ( ACRYL\/SILICON\/ SILICON NANO)<\/li>\n<li>WARZENF\u00d6RMIGE SCHUTZMEMBRANE<\/li>\n<li>EUROTHERM EPS F-STRONG-S0 8 cm<\/li>\n<\/ol>\n<\/td>\n<\/tr>\n<\/tbody>\n<\/table>\n<p>System JUBHome BASE setz sich zusammen aus Boden-, Rand- und Eckw\u00e4rmeisolationselementen, Dichtungsb\u00e4ndern und der W\u00e4rmeisolation des Randerdreiches, die wegen der flachen Fundamentierung f\u00fcr die Verhinderung des Gefrierens des Bodens unter dem Bodenplattenrand dringend notwendig ist. Alle W\u00e4rmeisolationselemente stimmen mit dem Standard SIST EN 13163:2013 , \u00fcberein.<\/p>\n<p><strong>\u00a0<\/strong><\/p>\n<h1><span style=\"font-size: 14pt;\"><strong>Montage der JUBHome <span style=\"color: #ff0000;\">BASE<\/span> Elemente<\/strong><\/span><\/h1>\n<p>Alle Fl\u00e4chen jedes Elementes werden mir einander mit Hilfe der Zapfen\u00a0 und nach System Feder \/ Nut verbunden. Diese Verbindung sichert ununterbrochene W\u00e4rmeisolation, bzw. Abwesenheit der gew\u00f6hnlich vorkommenden W\u00e4rmebr\u00fccken. Montageanleitungen werden f\u00fcr jedes Objekt extra hergestellt und werden der Lieferung , ohne Zusatzkosten, beigegeben. Weil der Zusammensetzungsprinzip der Elemente\u00a0\u00a0 \u2013 nach dem Prinzip der \u201eLego Steine\u201c- sehr einfach und schnell ist, erm\u00f6glicht\u00a0 das wir bei hochwertiger Ausf\u00fchrung auch die Montagezeit sparen. Wegen des genauen Fabrikzuschnittes, bedingt durch\u00a0 einen gr\u00f6\u00dferen Bestellumfang \u201eauf Reserve\u201c,\u00a0 entstehen beim Endverbarucher keine Material\u00fcbersch\u00fcsse und eine umweltfreundliche Baustelle ohne Abf\u00e4lle.<\/p>\n<h1 style=\"text-align: center;\"><a href=\"\/wp-content\/uploads\/2016\/04\/JUBHome-Base-Sestavljanje-1024x433.png\" class=\"imageinlight\"><img decoding=\"async\" loading=\"lazy\" class=\"alignleft wp-image-952 size-large\" src=\"\/wp-content\/uploads\/2016\/04\/JUBHome-Base-Sestavljanje-1024x433.png\" alt=\"Sestavljanje JUBHome BASE elementov\" width=\"800\" height=\"338\" srcset=\"https:\/\/jubhome.eu\/wp-content\/uploads\/2016\/04\/JUBHome-Base-Sestavljanje-1024x433.png 1024w, https:\/\/jubhome.eu\/wp-content\/uploads\/2016\/04\/JUBHome-Base-Sestavljanje-400x169.png 400w\" sizes=\"(max-width: 800px) 100vw, 800px\" \/><\/a><\/h1>\n<table style=\"height: 210px; width: 770px;\">\n<tbody>\n<tr style=\"height: 193.031px;\">\n<td style=\"width: 135px; height: 193.031px;\">\n<p><a href=\"\/wp-content\/uploads\/2016\/06\/080-PS-900-1200.png\" class=\"imageinlight\"><img decoding=\"async\" loading=\"lazy\" class=\"aligncenter wp-image-876\" title=\"Debelina 80 mm, tla\u010dna trdnost 300 ali 400 kPa\" src=\"\/wp-content\/uploads\/2016\/06\/080-PS-900-1200-300x300.png\" alt=\"BASE-BOTTOM\" width=\"130\" height=\"91\" srcset=\"https:\/\/jubhome.eu\/wp-content\/uploads\/2016\/06\/080-PS-900-1200-400x280.png 400w, https:\/\/jubhome.eu\/wp-content\/uploads\/2016\/06\/080-PS-900-1200-1024x717.png 1024w\" sizes=\"(max-width: 130px) 100vw, 130px\" \/><\/a><\/p>\n<p style=\"text-align: center;\">BASE-BOTTOM<\/p>\n<\/td>\n<td style=\"width: 129px; text-align: center; height: 193.031px;\">\n<p><a href=\"\/wp-content\/uploads\/2016\/06\/160-PZ-900-1200.png\" class=\"imageinlight\"><img decoding=\"async\" loading=\"lazy\" class=\"aligncenter wp-image-878\" title=\"Debeline 80, 160 ali 220 mm, tla\u010dna trdnost 300 ali 400 kPa\" src=\"\/wp-content\/uploads\/2016\/06\/160-PZ-900-1200-300x300.png\" alt=\"BASE-TOP\" width=\"130\" height=\"91\" srcset=\"https:\/\/jubhome.eu\/wp-content\/uploads\/2016\/06\/160-PZ-900-1200-400x280.png 400w, https:\/\/jubhome.eu\/wp-content\/uploads\/2016\/06\/160-PZ-900-1200-1024x717.png 1024w\" sizes=\"(max-width: 130px) 100vw, 130px\" \/><\/a><\/p>\n<p>BASE-TOP<\/p>\n<\/td>\n<td style=\"width: 138px; text-align: center; height: 193.031px;\">\n<p><a href=\"\/wp-content\/uploads\/2016\/06\/560-RL-540-1200.png\" class=\"imageinlight\"><img decoding=\"async\" loading=\"lazy\" class=\"aligncenter wp-image-886\" title=\"Skupna vi\u0161ina elementa 420, 500 ali 560 mm\" src=\"\/wp-content\/uploads\/2016\/06\/560-RL-540-1200-300x300.png\" alt=\"BASE-EDGE\" width=\"130\" height=\"91\" srcset=\"https:\/\/jubhome.eu\/wp-content\/uploads\/2016\/06\/560-RL-540-1200-400x280.png 400w, https:\/\/jubhome.eu\/wp-content\/uploads\/2016\/06\/560-RL-540-1200-1024x717.png 1024w\" sizes=\"(max-width: 130px) 100vw, 130px\" \/><\/a><\/p>\n<p>BASE-EDGE<\/p>\n<\/td>\n<td style=\"width: 169px; text-align: center; height: 193.031px;\">\n<p><a href=\"\/wp-content\/uploads\/2016\/06\/560-RZ-540-540.png\" class=\"imageinlight\"><img decoding=\"async\" loading=\"lazy\" class=\"aligncenter wp-image-888\" title=\"Skupna vi\u0161ina elementa 420, 500 ali 560 mm\" src=\"\/wp-content\/uploads\/2016\/06\/560-RZ-540-540-300x300.png\" alt=\"BASE-CORNER-OUT\" width=\"130\" height=\"91\" srcset=\"https:\/\/jubhome.eu\/wp-content\/uploads\/2016\/06\/560-RZ-540-540-400x280.png 400w, https:\/\/jubhome.eu\/wp-content\/uploads\/2016\/06\/560-RZ-540-540-1024x717.png 1024w\" sizes=\"(max-width: 130px) 100vw, 130px\" \/><\/a><\/p>\n<p>BASE-CORNER_OUT<\/p>\n<\/td>\n<td style=\"width: 165px; height: 193.031px;\">\n<p style=\"text-align: center;\"><a href=\"\/wp-content\/uploads\/2016\/06\/560-RN-600-600.png\" class=\"imageinlight\"><img decoding=\"async\" loading=\"lazy\" class=\"aligncenter wp-image-887\" title=\"Skupna vi\u0161ina elementa 420, 500 ali 560 mm\" src=\"\/wp-content\/uploads\/2016\/06\/560-RN-600-600-300x300.png\" alt=\"BASE-CORNER-IN\" width=\"130\" height=\"91\" srcset=\"https:\/\/jubhome.eu\/wp-content\/uploads\/2016\/06\/560-RN-600-600-400x280.png 400w, https:\/\/jubhome.eu\/wp-content\/uploads\/2016\/06\/560-RN-600-600-1024x717.png 1024w\" sizes=\"(max-width: 130px) 100vw, 130px\" \/><\/a><\/p>\n<p style=\"text-align: center;\">BASE-CORNER_IN<\/p>\n<\/td>\n<\/tr>\n<\/tbody>\n<\/table>\n<p>&nbsp;<\/p>\n<h3><strong>JUBHome <span style=\"color: #ff0000;\">BASE<\/span> f\u00fcr unterschiedliche Konstruktionssysteme<\/strong><\/h3>\n<ol>\n<li>\n<h4><a target=\"_blank\" href=\"\/wp-content\/uploads\/2016\/05\/BASE-A-01-1.0.pdf\" rel=\"noopener noreferrer\"><img decoding=\"async\" loading=\"lazy\" class=\"alignright wp-image-594\" src=\"\/wp-content\/uploads\/2016\/06\/ICF-vlaga-400x353.png\" alt=\"Stik JUBHome BASE z JUBHome WALL sistemom gradnje\" width=\"350\" height=\"309\" srcset=\"https:\/\/jubhome.eu\/wp-content\/uploads\/2016\/06\/ICF-vlaga-400x353.png 400w, https:\/\/jubhome.eu\/wp-content\/uploads\/2016\/06\/ICF-vlaga-1024x903.png 1024w, https:\/\/jubhome.eu\/wp-content\/uploads\/2016\/06\/ICF-vlaga.png 2005w\" sizes=\"(max-width: 350px) 100vw, 350px\" \/><\/a><strong>JUBHome <span style=\"color: #ff0000;\">WALL<\/span> System der w\u00e4rmeisolierten Stahlbetonw\u00e4nde<\/strong><\/h4>\n<\/li>\n<\/ol>\n<p>Randelement der W\u00e4rmeisolation der Fundamentplatte JUBHOME BASE geht direkt, ohne der W\u00e4rmebr\u00fccke in den Fassadenteil des Wandelementes JUBHome WALL \u00fcber und stellen so eine ununterbrochene W\u00e4rmeisolationsh\u00fclle, sicher.\u00a0 Bodenhydroisolation besteht aus Bitumenb\u00e4ndern die miteinander verschwei\u00dft oder mit selbstklebender Vertikalisolation des Sockels, verbunden werden.<\/p>\n<p>&nbsp;<\/p>\n<p>&nbsp;<\/p>\n<ol start=\"2\">\n<li>\n<h4><a target=\"_blank\" href=\"\/wp-content\/uploads\/2016\/05\/BASE-B-01-2.0.pdf\" rel=\"noopener noreferrer\"><img decoding=\"async\" loading=\"lazy\" class=\"alignright wp-image-598\" src=\"\/wp-content\/uploads\/2016\/06\/opeka-400x325.png\" alt=\"Stik JUBHome BASE z ope\u010dnim sistemom gradnje\" width=\"350\" height=\"284\" srcset=\"https:\/\/jubhome.eu\/wp-content\/uploads\/2016\/06\/opeka-400x325.png 400w, https:\/\/jubhome.eu\/wp-content\/uploads\/2016\/06\/opeka-1024x832.png 1024w, https:\/\/jubhome.eu\/wp-content\/uploads\/2016\/06\/opeka.png 2029w\" sizes=\"(max-width: 350px) 100vw, 350px\" \/><\/a><strong>ZIEGELBAU<\/strong><\/h4>\n<\/li>\n<\/ol>\n<p>Die Wandebene wird mit der Stirn der Grundplatte\u00a0 JUBHOME BASE begradigt. St\u00e4rke des Randelementes wird an die vorgesehene St\u00e4rke der W\u00e4rmeisolation der Fassade angeglichen. Hydro- und W\u00e4rmeisolation des Erdreiches wird in der gleichen Weise ausgef\u00fchrt wie beim JUBHome WALL Aufbau.<\/p>\n<p>&nbsp;<\/p>\n<p>&nbsp;<\/p>\n<p>&nbsp;<\/p>\n<ol start=\"3\">\n<li>\n<h4><a target=\"_blank\" href=\"\/wp-content\/uploads\/2016\/05\/BASE-B-01-4.0.pdf\" rel=\"noopener noreferrer\"><img decoding=\"async\" loading=\"lazy\" class=\"alignright wp-image-1145\" src=\"\/wp-content\/uploads\/2016\/04\/monta\u017ena-NEH1-400x328.png\" alt=\"Stik JUBHome BASE z monta\u017enim nizgoenergijskim sistemom gradnje\" width=\"351\" height=\"287\" srcset=\"https:\/\/jubhome.eu\/wp-content\/uploads\/2016\/04\/monta\u017ena-NEH1-400x328.png 400w, https:\/\/jubhome.eu\/wp-content\/uploads\/2016\/04\/monta\u017ena-NEH1-1200x983.png 1200w, https:\/\/jubhome.eu\/wp-content\/uploads\/2016\/04\/monta\u017ena-NEH1.png 1965w\" sizes=\"(max-width: 351px) 100vw, 351px\" \/><\/a><strong>FERTIGBAUWEISE F\u00dcR DEN NIEDRIGENERGIEBAU<\/strong><\/h4>\n<\/li>\n<\/ol>\n<p>Mit ununterbrochener H\u00fclle, zusammen mit Bodenisolation, passt sich der Randelement JUBHome BASE , der vertikalen Hydroisolationsebene der h\u00f6lzernen Sockelmontageelemente, geometrisch an. Die Randelemente werden, wegen der Sicherstellung\u00a0 weicher Hydroisolations\u00fcberg\u00e4nge, mit Schr\u00e4gen geformt. Der Raum zwischen der vertikalen Sockelhydroisolation und der Fassadenebene wird mit JUBIZOL EPS F STRONG S0 Premium Platten gef\u00fcllt. Vertikale Hydroisolation wird\u00a0 mit selbstklebender oder verschwei\u00dfter Bitumenhydroisolation ausgef\u00fchrt.<\/p>\n<p>&nbsp;<\/p>\n<ol start=\"4\">\n<li>\n<h4><a target=\"_blank\" href=\"\/wp-content\/uploads\/2016\/05\/BASE-B-01-3.0.pdf\" rel=\"noopener noreferrer\"><img decoding=\"async\" loading=\"lazy\" class=\"alignright wp-image-1146\" src=\"\/wp-content\/uploads\/2016\/04\/monta\u017ena-PH-400x346.png\" alt=\"Stik JUBHome BASE z monta\u017enim pasivnim sistemom gradnje\" width=\"350\" height=\"303\" srcset=\"https:\/\/jubhome.eu\/wp-content\/uploads\/2016\/04\/monta\u017ena-PH-400x346.png 400w, https:\/\/jubhome.eu\/wp-content\/uploads\/2016\/04\/monta\u017ena-PH-1200x1038.png 1200w, https:\/\/jubhome.eu\/wp-content\/uploads\/2016\/04\/monta\u017ena-PH.png 2009w\" sizes=\"(max-width: 350px) 100vw, 350px\" \/><\/a><strong>FERTIGBAUWEISE F\u00dcR DEN PASSIVBAU<\/strong><\/h4>\n<\/li>\n<\/ol>\n<p>Wegen der Position\u00a0 der Fundamentplattestirn ist die tragende Konstruktion der Montagewand zum Teil versetzt. Auch in diesem Fall passt sich der Randelement JUBHome BASE f\u00fcr sie Sicherung der Stetigkeit der Hydro- und\u00a0 W\u00e4rmeisolationen, im Ganzen den ben\u00f6tigten Ebenen an.<\/p>\n<p>&nbsp;<\/p>\n<p>&nbsp;<\/p>\n<p>&nbsp;<\/p>\n<h3>\u00a0<\/h3>\n<h3>\u00a0<\/h3>\n<h3><strong>Installationsdurchbr\u00fcche ausf\u00fchrung<\/strong><\/h3>\n<p>Bei der Herstellung der Installationsdurchbr\u00fcche durch die H\u00fclle des Geb\u00e4udes, m\u00fcssen wir vollst\u00e4ndige Luftdichtheit, Wasserdichtheit und W\u00e4rmeisolation zusichern. Mit einen G\u00fcrtel aus weicher W\u00e4rmeisolation zwischen dem Rohr und der Stahlbetonplatte gew\u00e4hrleisten wir, das eine gro\u00dfe Verschiebung , im Fall eines Erdbebens oder anderer horizontaler Kr\u00e4fteeinwirkungen, m\u00f6glich sein kann.<\/p>\n<p><a href=\"\/wp-content\/uploads\/2016\/06\/Skica-BASE-preboj-980x1024.png\" class=\"imageinlight\"><img decoding=\"async\" loading=\"lazy\" class=\"aligncenter wp-image-602\" src=\"\/wp-content\/uploads\/2016\/06\/Skica-BASE-preboj-980x1024.png\" alt=\"Izvedba prebojev\" width=\"600\" height=\"627\" srcset=\"https:\/\/jubhome.eu\/wp-content\/uploads\/2016\/06\/Skica-BASE-preboj-980x1024.png 980w, https:\/\/jubhome.eu\/wp-content\/uploads\/2016\/06\/Skica-BASE-preboj-383x400.png 383w, https:\/\/jubhome.eu\/wp-content\/uploads\/2016\/06\/Skica-BASE-preboj.png 1621w\" sizes=\"(max-width: 600px) 100vw, 600px\" \/><\/a><\/p>\n<table class=\" aligncenter\" style=\"height: 185px; width: 573px;\">\n<tbody>\n<tr>\n<td style=\"width: 565px;\">\n<ol style=\"list-style-type: upper-alpha;\">\n<li>PLASTOMERISCHE BITUMENHYDROISOLATION 0,4 cm<\/li>\n<li>SICHERUNGSROHRSCHELLE<\/li>\n<li>WEICHE ISOLATION (GLASWOLLE)<\/li>\n<li>JUBHome BASE UNTERER BODENELEMENT 8 cm<\/li>\n<li>JUBHome BASE OBERER BODENELEMENT 8,16 oder 22 cm<\/li>\n<li>FUNDAMENTPLATTE AUS STAHLBETON St\u00e4rke bis 30 cm<\/li>\n<\/ol>\n<\/td>\n<\/tr>\n<\/tbody>\n<\/table>\n<h3><strong>W\u00e4rmeisolation des Erdreiches<\/strong><\/h3>\n<p>In der Gefrierzone, muss wegen der Fundamentierungsarbeiten, am Rand der W\u00e4rmeisolationsfundamentplatten, die W\u00e4rmeisolation des Erdreiches ausgef\u00fchrt werden.\u00a0 Die Isolation verhindert Entstehung der Eiszapfen und damit die Besch\u00e4digung der Hydroisolation und in der Tauzeit die Aussp\u00fclung der Feinteile. Abh\u00e4ngig von der Durchschnittslufttemperatur an Ort und Stelle, wird die Isolation g\u00fcrtelartig, in angegebener Breite und St\u00e4rke, mit Hilfe der lose verlegten Platten JUBIYOL EPS F Strong Premium S0, ausgef\u00fchrt.<\/p>\n<div id=\"attachment_609\" style=\"width: 410px\" class=\"wp-caption alignleft\"><a href=\"\/wp-content\/uploads\/2016\/06\/Karta-povprecna-letna-TEMP-KS-400x282.png\" class=\"imageinlight\"><img aria-describedby=\"caption-attachment-609\" decoding=\"async\" loading=\"lazy\" class=\"wp-image-609 size-medium\" src=\"\/wp-content\/uploads\/2016\/06\/Karta-povprecna-letna-TEMP-KS-400x282.png\" alt=\"Karta povpre\u010dne letne temperature\" width=\"400\" height=\"282\" srcset=\"https:\/\/jubhome.eu\/wp-content\/uploads\/2016\/06\/Karta-povprecna-letna-TEMP-KS-400x282.png 400w, https:\/\/jubhome.eu\/wp-content\/uploads\/2016\/06\/Karta-povprecna-letna-TEMP-KS.png 1100w\" sizes=\"(max-width: 400px) 100vw, 400px\" \/><\/a><p id=\"caption-attachment-609\" class=\"wp-caption-text\">Quelle: ARSO<\/p><\/div>\n<p><a href=\"\/wp-content\/uploads\/2016\/06\/Izoliranje-zemljine-375x400.png\" class=\"imageinlight\"><img decoding=\"async\" loading=\"lazy\" class=\"alignnone wp-image-607 size-medium\" src=\"\/wp-content\/uploads\/2016\/06\/Izoliranje-zemljine-375x400.png\" alt=\"Shema izoliranja zemljine\" width=\"375\" height=\"400\" srcset=\"https:\/\/jubhome.eu\/wp-content\/uploads\/2016\/06\/Izoliranje-zemljine-375x400.png 375w, https:\/\/jubhome.eu\/wp-content\/uploads\/2016\/06\/Izoliranje-zemljine.png 948w\" sizes=\"(max-width: 375px) 100vw, 375px\" \/><\/a><\/p>\n","protected":false},"excerpt":{"rendered":"<p>W\u00e4rmeisolationssystem der Fundamentplatte JUBHome BASE ist zusammengesetzt aus W\u00e4rmeisolationswanne, in die ohne Schallung, der Stahlbeton der Fundamentplatte eingebaut wird und aus dem Erdreich das sich um das Objekt befindet. W\u00e4rmeisolationswanne des Systems JUBHome BASE beinhaltet obere und untere Bodenelemente, Linienrandelemente und Eckrandelemente. Die Letzteren dienen nicht nur als W\u00e4rmeisolation sondern auch als Einwegschallung der Fundamentplatte. [&hellip;]<\/p>\n","protected":false},"author":1,"featured_media":0,"parent":3326,"menu_order":3,"comment_status":"closed","ping_status":"closed","template":"","meta":[],"aioseo_notices":[],"_links":{"self":[{"href":"\/de\/wp-json\/wp\/v2\/pages\/3342"}],"collection":[{"href":"\/de\/wp-json\/wp\/v2\/pages"}],"about":[{"href":"\/de\/wp-json\/wp\/v2\/types\/page"}],"author":[{"embeddable":true,"href":"\/de\/wp-json\/wp\/v2\/users\/1"}],"replies":[{"embeddable":true,"href":"\/de\/wp-json\/wp\/v2\/comments?post=3342"}],"version-history":[{"count":5,"href":"\/de\/wp-json\/wp\/v2\/pages\/3342\/revisions"}],"predecessor-version":[{"id":3837,"href":"\/de\/wp-json\/wp\/v2\/pages\/3342\/revisions\/3837"}],"up":[{"embeddable":true,"href":"\/de\/wp-json\/wp\/v2\/pages\/3326"}],"wp:attachment":[{"href":"\/de\/wp-json\/wp\/v2\/media?parent=3342"}],"curies":[{"name":"wp","href":"https:\/\/api.w.org\/{rel}","templated":true}]}}