{"id":3330,"date":"2016-06-02T12:52:05","date_gmt":"2016-06-02T10:52:05","guid":{"rendered":"http:\/\/jubhome.eu\/?page_id=3330\/"},"modified":"2019-06-19T10:42:04","modified_gmt":"2019-06-19T08:42:04","slug":"vorzuege","status":"publish","type":"page","link":"\/de\/systeme\/jubhome-base\/vorzuege\/","title":{"rendered":"Vorz\u00fcge"},"content":{"rendered":"<h1><span style=\"font-size: 14pt;\"><strong>Vorz\u00fcge der W\u00e4rmeisolationsausf\u00fchrung JUBHome <span style=\"color: #ff0000;\">BASE<\/span> der Fundamentplatte<\/strong><\/span><\/h1>\n<ul style=\"list-style-type: circle;\">\n<li>im Vergleich mit den Streifenfundamenten fallen hier die Zweiphasenbetonierungsarbeiten weg<\/li>\n<li>kleinerer Gesamtumfang des Aushubes<\/li>\n<li>Betoneinbausystem ohne Betonschallung<\/li>\n<li>einfache Bewehrung mit weniger Bindungsarbeiten, ausgef\u00fchrt gr\u00f6\u00dftenteils\u00a0 mit Betonstahlmattenverlegung<\/li>\n<li>einfache und hochwertige Ausf\u00fchrung der ununterbrochenen Hydro- und W\u00e4rmeisolation ohne W\u00e4rmebr\u00fccken<\/li>\n<li>wegen der gleichm\u00e4\u00dfigen Spannungsverteilung k\u00f6nnen wir, mit Hilfe der Fundamentplatte, auch auf schlechter tragenden und weniger homogenen B\u00f6den bauen<\/li>\n<li>schnelle Ausf\u00fchrung mit Hilfe des Montageplanes der W\u00e4rmeisolationswanne<\/li>\n<li>ohne Zuschneidungsarbeiten auf der Baustelle und ohne Abf\u00e4lle<\/li>\n<li>je nach gew\u00fcnschter Energieeffizienz des Hauses , Auswahl in der beliebigen St\u00e4rke von 16 bis 30 cm, mit 2 cm Schritten<\/li>\n<li>Absorption des Wassers nur bis 2%<\/li>\n<li>Tests und Richtlinien f\u00fcr den erdbebensicheren Bau sind auf der IKPIR, FGG ausgef\u00fchrt worden<\/li>\n<li>wir stellen Projektierungs- und Ausf\u00fchrungsberatung zur Verf\u00fcgung<\/li>\n<li>nach Absprache erstellen wir den Baukonstruktions- und Bewehrungsplan<\/li>\n<\/ul>\n<p style=\"text-align: center;\"><strong>SCHEMATISCHER <span style=\"color: #ff0000;\">HAUSQUERSCHNITT<\/span><\/strong><\/p>\n<p><a href=\"\/wp-content\/uploads\/2016\/06\/Prerez-BASE-Siva-1024x388.png\" class=\"imageinlight\"><img decoding=\"async\" loading=\"lazy\" class=\"aligncenter wp-image-585 size-large\" src=\"\/wp-content\/uploads\/2016\/06\/Prerez-BASE-Siva-1024x388.png\" alt=\"Shematski prikaz hi\u0161e\" width=\"800\" height=\"303\" srcset=\"https:\/\/jubhome.eu\/wp-content\/uploads\/2016\/06\/Prerez-BASE-Siva-1024x388.png 1024w, https:\/\/jubhome.eu\/wp-content\/uploads\/2016\/06\/Prerez-BASE-Siva-400x152.png 400w\" sizes=\"(max-width: 800px) 100vw, 800px\" \/><\/a><\/p>\n<ol>\n<li><strong>Unterlegbeton<\/strong> (unter dem Beton ist befestigte Aufsch\u00fcttung nach Anweisungen des Planers)<\/li>\n<li><strong>W\u00e4rmeisolationsg\u00fcrtel der Erdaufsch\u00fcttung<\/strong> (bei\u00a0 Fundamentierung\u00a0 der nicht unterkellerten Geb\u00e4ude in der Gefrierungszone)<\/li>\n<li><strong>Untere und obere Bodenelemente JUBHome BASE<\/strong> (Druckfestigkeit 300 oder 400 kPa)<\/li>\n<li><strong>Fundamentplatte aus Stahlbeton<\/strong><\/li>\n<li><strong>Randelement (Bausystem) nach Wahl<\/strong><\/li>\n<li><strong>Geeignet auch f\u00fcr die Fundamentierungsarbeiten bei der unterkellerten Objekten unter der Gefrierungszone<\/strong><\/li>\n<li><strong>Randelement JUBHome BASE<\/strong> (Druckfestigkeit 400 kPa)<\/li>\n<\/ol>\n","protected":false},"excerpt":{"rendered":"<p>Vorz\u00fcge der W\u00e4rmeisolationsausf\u00fchrung JUBHome BASE der Fundamentplatte im Vergleich mit den Streifenfundamenten fallen hier die Zweiphasenbetonierungsarbeiten weg kleinerer Gesamtumfang des Aushubes Betoneinbausystem ohne Betonschallung einfache Bewehrung mit weniger Bindungsarbeiten, ausgef\u00fchrt gr\u00f6\u00dftenteils\u00a0 mit Betonstahlmattenverlegung einfache und hochwertige Ausf\u00fchrung der ununterbrochenen Hydro- und W\u00e4rmeisolation ohne W\u00e4rmebr\u00fccken wegen der gleichm\u00e4\u00dfigen Spannungsverteilung k\u00f6nnen wir, mit Hilfe der Fundamentplatte, auch [&hellip;]<\/p>\n","protected":false},"author":1,"featured_media":0,"parent":3326,"menu_order":2,"comment_status":"closed","ping_status":"closed","template":"","meta":[],"aioseo_notices":[],"_links":{"self":[{"href":"\/de\/wp-json\/wp\/v2\/pages\/3330"}],"collection":[{"href":"\/de\/wp-json\/wp\/v2\/pages"}],"about":[{"href":"\/de\/wp-json\/wp\/v2\/types\/page"}],"author":[{"embeddable":true,"href":"\/de\/wp-json\/wp\/v2\/users\/1"}],"replies":[{"embeddable":true,"href":"\/de\/wp-json\/wp\/v2\/comments?post=3330"}],"version-history":[{"count":2,"href":"\/de\/wp-json\/wp\/v2\/pages\/3330\/revisions"}],"predecessor-version":[{"id":3836,"href":"\/de\/wp-json\/wp\/v2\/pages\/3330\/revisions\/3836"}],"up":[{"embeddable":true,"href":"\/de\/wp-json\/wp\/v2\/pages\/3326"}],"wp:attachment":[{"href":"\/de\/wp-json\/wp\/v2\/media?parent=3330"}],"curies":[{"name":"wp","href":"https:\/\/api.w.org\/{rel}","templated":true}]}}